{"id":72,"date":"2025-05-14T20:42:09","date_gmt":"2025-05-14T20:42:09","guid":{"rendered":"https:\/\/saan.olympialegalgroup.com\/?page_id=72"},"modified":"2025-08-03T21:59:13","modified_gmt":"2025-08-03T21:59:13","slug":"inicio-2","status":"publish","type":"page","link":"https:\/\/saan.olympialegalgroup.com\/","title":{"rendered":"Inicio"},"content":{"rendered":"<p>[et_pb_section fb_built=\u00bb1&#8243; admin_label=\u00bbHeader\u00bb _builder_version=\u00bb4.27.4&#8243; _module_preset=\u00bb94b61fa9-e769-488a-99e9-46ac2d951486&#8243; use_background_color_gradient=\u00bboff\u00bb background_image=\u00bbhttps:\/\/saan.olympialegalgroup.com\/wp-content\/uploads\/2025\/05\/sky3.jpg\u00bb custom_padding=\u00bb8vw||10vw||false|false\u00bb border_radii=\u00bboff|||3vw|3vw\u00bb collapsed=\u00bboff\u00bb global_colors_info=\u00bb{}\u00bb][et_pb_row custom_padding_last_edited=\u00bbon|desktop\u00bb disabled_on=\u00bboff|off|off\u00bb _builder_version=\u00bb4.27.4&#8243; _module_preset=\u00bbdefault\u00bb custom_margin=\u00bb10vh||||false|false\u00bb custom_margin_tablet=\u00bb10vh||||false|false\u00bb custom_margin_phone=\u00bb10vh||||false|false\u00bb custom_margin_last_edited=\u00bbon|phone\u00bb custom_padding=\u00bb0px||||false|false\u00bb custom_padding_tablet=\u00bb0px||||false|false\u00bb custom_padding_phone=\u00bb0px||||false|false\u00bb global_colors_info=\u00bb{}\u00bb][et_pb_column type=\u00bb4_4&#8243; _builder_version=\u00bb4.22.0&#8243; _module_preset=\u00bbdefault\u00bb global_colors_info=\u00bb{}\u00bb][et_pb_image src=\u00bbhttps:\/\/saan.olympialegalgroup.com\/wp-content\/uploads\/2025\/05\/Isologo-HORIZONTAL-CN-negativo.png\u00bb title_text=\u00bbIsologo-HORIZONTAL-CN-negativo\u00bb align=\u00bbright\u00bb align_tablet=\u00bbright\u00bb align_phone=\u00bbright\u00bb align_last_edited=\u00bbon|phone\u00bb _builder_version=\u00bb4.27.4&#8243; _module_preset=\u00bbdefault\u00bb width=\u00bb37%\u00bb width_tablet=\u00bb46%\u00bb width_phone=\u00bb42%\u00bb width_last_edited=\u00bbon|phone\u00bb module_alignment=\u00bbright\u00bb custom_margin=\u00bb||||false|false\u00bb custom_margin_tablet=\u00bb0px||||false|false\u00bb custom_margin_phone=\u00bb0px||||false|false\u00bb custom_margin_last_edited=\u00bbon|phone\u00bb custom_padding=\u00bb|3vh|10vh|0vw|false|false\u00bb custom_padding_tablet=\u00bb|2vh||0vw|false|false\u00bb custom_padding_phone=\u00bb|2vw|7vh|0vw|false|false\u00bb custom_padding_last_edited=\u00bbon|desktop\u00bb global_colors_info=\u00bb{}\u00bb][\/et_pb_image][\/et_pb_column][\/et_pb_row][\/et_pb_section][et_pb_section fb_built=\u00bb1&#8243; admin_label=\u00bbTestimonial\u00bb _builder_version=\u00bb4.24.0&#8243; _module_preset=\u00bbdefault\u00bb background_color=\u00bb#FFFFFF\u00bb z_index=\u00bb10&#8243; collapsed=\u00bboff\u00bb global_colors_info=\u00bb{}\u00bb][et_pb_row _builder_version=\u00bb4.24.0&#8243; _module_preset=\u00bbdefault\u00bb global_colors_info=\u00bb{}\u00bb][et_pb_column type=\u00bb4_4&#8243; _builder_version=\u00bb4.22.0&#8243; _module_preset=\u00bbdefault\u00bb global_colors_info=\u00bb{}\u00bb][et_pb_heading title=\u00bb\u00a1Bienvenido a la Agrupaci\u00f3n Astron\u00f3mica Omega!\u00bb _builder_version=\u00bb4.27.4&#8243; _module_preset=\u00bbdefault\u00bb title_level=\u00bbh3&#8243; title_text_color=\u00bb#000000&#8243; title_font_size=\u00bb26px\u00bb title_font_size_tablet=\u00bb26px\u00bb title_font_size_phone=\u00bb26px\u00bb global_colors_info=\u00bb{}\u00bb][\/et_pb_heading][et_pb_text _builder_version=\u00bb4.27.4&#8243; _module_preset=\u00bbdefault\u00bb global_colors_info=\u00bb{}\u00bb]<\/p>\n<p>Explora el universo con nosotros desde la Tierra. Somos un grupo de entusiastas de la astronom\u00eda que compartimos nuestra pasi\u00f3n por el cielo estrellado, la ciencia y la observaci\u00f3n. Organizamos actividades, talleres, observaciones p\u00fablicas y mucho m\u00e1s.<\/p>\n<p>[\/et_pb_text][\/et_pb_column][\/et_pb_row][\/et_pb_section][et_pb_section fb_built=\u00bb1&#8243; admin_label=\u00bbFeature\u00bb _builder_version=\u00bb4.27.4&#8243; _module_preset=\u00bbdefault\u00bb background_color=\u00bb#FFFFFF\u00bb use_background_color_gradient=\u00bbon\u00bb background_color_gradient_stops=\u00bb#8093dc 0%|#f4b223 100%\u00bb border_radii=\u00bboff|||3vw|3vw\u00bb saved_tabs=\u00bball\u00bb collapsed=\u00bboff\u00bb global_colors_info=\u00bb{%22gcid-a93f2103-1d8b-43bb-b21d-81d84bba8b15%22:%91%22background_color%22%93}\u00bb][et_pb_row _builder_version=\u00bb4.27.4&#8243; _module_preset=\u00bbdefault\u00bb custom_margin=\u00bb0px||0px||false|false\u00bb custom_padding=\u00bb0px||0px||false|false\u00bb global_colors_info=\u00bb{}\u00bb][et_pb_column type=\u00bb4_4&#8243; _builder_version=\u00bb4.27.4&#8243; _module_preset=\u00bbdefault\u00bb global_colors_info=\u00bb{}\u00bb][et_pb_heading title=\u00bbPatrocinadores\u00bb _builder_version=\u00bb4.27.4&#8243; _module_preset=\u00bbdefault\u00bb title_text_color=\u00bb#FFFFFF\u00bb global_colors_info=\u00bb{}\u00bb][\/et_pb_heading][\/et_pb_column][\/et_pb_row][et_pb_row _builder_version=\u00bb4.27.4&#8243; _module_preset=\u00bbdefault\u00bb custom_margin=\u00bb0px||0px||false|false\u00bb custom_padding=\u00bb0px||0px||false|false\u00bb global_colors_info=\u00bb{}\u00bb][et_pb_column type=\u00bb4_4&#8243; _builder_version=\u00bb4.27.4&#8243; _module_preset=\u00bbdefault\u00bb global_colors_info=\u00bb{}\u00bb][et_pb_image src=\u00bbhttps:\/\/saan.olympialegalgroup.com\/wp-content\/uploads\/2025\/05\/LineaCirculoInv.png\u00bb title_text=\u00bbLineaCirculo\u00bb _builder_version=\u00bb4.27.4&#8243; _module_preset=\u00bbdefault\u00bb global_colors_info=\u00bb{}\u00bb][\/et_pb_image][\/et_pb_column][\/et_pb_row][et_pb_row column_structure=\u00bb1_4,1_4,1_4,1_4&#8243; _builder_version=\u00bb4.27.4&#8243; _module_preset=\u00bbdefault\u00bb custom_padding=\u00bb4%||||false|false\u00bb global_colors_info=\u00bb{%22gcid-beb2c95b-3a59-4769-93ca-ebc39d60c20d%22:%91%22border_color_all%22%93}\u00bb][et_pb_column type=\u00bb1_4&#8243; _builder_version=\u00bb4.27.0&#8243; _module_preset=\u00bbdefault\u00bb custom_padding=\u00bb|12%|||false|false\u00bb custom_padding_tablet=\u00bb|0%|||false|false\u00bb custom_padding_phone=\u00bb\u00bb custom_padding_last_edited=\u00bbon|tablet\u00bb global_colors_info=\u00bb{}\u00bb][et_pb_slider _builder_version=\u00bb4.27.4&#8243; _module_preset=\u00bbdefault\u00bb header_font_size=\u00bb40px\u00bb custom_margin=\u00bb-50px|-285px|||false|false\u00bb custom_margin_tablet=\u00bb|0px|||false|false\u00bb custom_margin_phone=\u00bb|0px|||false|false\u00bb custom_margin_last_edited=\u00bbon|phone\u00bb custom_padding=\u00bb|0px|||false|false\u00bb header_font_size_tablet=\u00bb29px\u00bb global_colors_info=\u00bb{}\u00bb][et_pb_slide heading=\u00bbAyuntamiento de Gij\u00f3n.\u00bb button_text=\u00bbClick Here\u00bb _builder_version=\u00bb4.27.4&#8243; _module_preset=\u00bbdefault\u00bb global_colors_info=\u00bb{}\u00bb sticky_transition=\u00bbon\u00bb]<\/p>\n<p style=\"text-align: left;\">Subvencion del servicio de Medio Ambiente.<\/p>\n<p style=\"text-align: left;\">Fundaci\u00f3n Municipal de Cultura y U.P. subvenciona cursos de iniciaci\u00f3n a la Astronomia.<\/p>\n<p style=\"text-align: left;\">Gesti\u00f3n del Observatorio Astrononico Municipal Monte Deva.<\/p>\n<p>[\/et_pb_slide][\/et_pb_slider][\/et_pb_column][et_pb_column type=\u00bb1_4&#8243; _builder_version=\u00bb4.22.0&#8243; _module_preset=\u00bbdefault\u00bb overflow-x=\u00bbvisible\u00bb overflow-y=\u00bbvisible\u00bb global_colors_info=\u00bb{}\u00bb][et_pb_image src=\u00bbhttps:\/\/saan.olympialegalgroup.com\/wp-content\/uploads\/2025\/05\/Escudo_gijon.svg_.png\u00bb title_text=\u00bbEscudo_gijon.svg\u00bb align=\u00bbcenter\u00bb _builder_version=\u00bb4.27.4&#8243; _module_preset=\u00bbb95b5fcd-6fe3-4627-a3db-d8f82a3bc917&#8243; width=\u00bb70%\u00bb width_tablet=\u00bb56%\u00bb width_phone=\u00bb62%\u00bb width_last_edited=\u00bbon|phone\u00bb global_colors_info=\u00bb{}\u00bb][\/et_pb_image][\/et_pb_column][et_pb_column type=\u00bb1_4&#8243; _builder_version=\u00bb4.22.0&#8243; _module_preset=\u00bbdefault\u00bb overflow-x=\u00bbvisible\u00bb overflow-y=\u00bbvisible\u00bb global_colors_info=\u00bb{}\u00bb][et_pb_slider _builder_version=\u00bb4.27.4&#8243; _module_preset=\u00bbdefault\u00bb header_font_size=\u00bb40px\u00bb custom_margin=\u00bb-50px|-79px|||false|false\u00bb custom_margin_tablet=\u00bb|0px|||false|false\u00bb custom_margin_phone=\u00bb|0px|||false|false\u00bb custom_margin_last_edited=\u00bbon|phone\u00bb custom_padding=\u00bb|9px||3px|false|false\u00bb hover_enabled=\u00bb0&#8243; header_font_size_tablet=\u00bb29px\u00bb global_colors_info=\u00bb{}\u00bb sticky_enabled=\u00bb0&#8243;][et_pb_slide heading=\u00bbFundaci\u00f3n Alvargonzalez.\u00bb button_text=\u00bbClick Here\u00bb _builder_version=\u00bb4.27.4&#8243; _module_preset=\u00bbdefault\u00bb global_colors_info=\u00bb{}\u00bb sticky_transition=\u00bbon\u00bb]<\/p>\n<p style=\"text-align: left;\">Promoviendo el desarrollo, protecci\u00f3n y fomento de toda clase de actividades, estudios e investigaciones sobre temas sociales, cientificos, y culturales.<\/p>\n<p style=\"text-align: left;\">La Fundaci\u00f3n Alvargonzalez colabora con nuestra asociaci\u00f3n patrocinando material \u00f3ptico e informatico.<\/p>\n<p>[\/et_pb_slide][\/et_pb_slider][\/et_pb_column][et_pb_column type=\u00bb1_4&#8243; _builder_version=\u00bb4.22.0&#8243; _module_preset=\u00bbdefault\u00bb overflow-x=\u00bbvisible\u00bb overflow-y=\u00bbvisible\u00bb global_colors_info=\u00bb{}\u00bb][et_pb_image src=\u00bbhttps:\/\/saan.olympialegalgroup.com\/wp-content\/uploads\/2025\/05\/Alvargonzalez.png\u00bb title_text=\u00bbAlvargonzalez\u00bb align=\u00bbcenter\u00bb force_fullwidth=\u00bbon\u00bb _builder_version=\u00bb4.27.4&#8243; _module_preset=\u00bbb95b5fcd-6fe3-4627-a3db-d8f82a3bc917&#8243; custom_margin=\u00bb|||0vw|false|false\u00bb global_colors_info=\u00bb{}\u00bb][\/et_pb_image][\/et_pb_column][\/et_pb_row][et_pb_row _builder_version=\u00bb4.27.4&#8243; _module_preset=\u00bbdefault\u00bb custom_padding=\u00bb0px||0px||false|false\u00bb global_colors_info=\u00bb{}\u00bb][et_pb_column type=\u00bb4_4&#8243; _builder_version=\u00bb4.27.4&#8243; _module_preset=\u00bbdefault\u00bb global_colors_info=\u00bb{}\u00bb][et_pb_image src=\u00bbhttps:\/\/saan.olympialegalgroup.com\/wp-content\/uploads\/2025\/05\/LineaCirculoInv-2.png\u00bb title_text=\u00bbLineaCirculoInv (2)\u00bb _builder_version=\u00bb4.27.4&#8243; _module_preset=\u00bbdefault\u00bb global_colors_info=\u00bb{}\u00bb][\/et_pb_image][\/et_pb_column][\/et_pb_row][\/et_pb_section]<\/p>\n","protected":false},"excerpt":{"rendered":"<p>Explora el universo con nosotros desde la Tierra. Somos un grupo de entusiastas de la astronom\u00eda que compartimos nuestra pasi\u00f3n por el cielo estrellado, la ciencia y la observaci\u00f3n. Organizamos actividades, talleres, observaciones p\u00fablicas y mucho m\u00e1s.Subvencion del servicio de Medio Ambiente. Fundaci\u00f3n Municipal de Cultura y U.P. subvenciona cursos de iniciaci\u00f3n a la Astronomia. [&hellip;]<\/p>\n","protected":false},"author":1,"featured_media":0,"parent":0,"menu_order":0,"comment_status":"closed","ping_status":"closed","template":"","meta":{"_et_pb_use_builder":"on","_et_pb_old_content":"","_et_gb_content_width":"","footnotes":""},"class_list":["post-72","page","type-page","status-publish","hentry"],"_links":{"self":[{"href":"https:\/\/saan.olympialegalgroup.com\/index.php\/wp-json\/wp\/v2\/pages\/72","targetHints":{"allow":["GET"]}}],"collection":[{"href":"https:\/\/saan.olympialegalgroup.com\/index.php\/wp-json\/wp\/v2\/pages"}],"about":[{"href":"https:\/\/saan.olympialegalgroup.com\/index.php\/wp-json\/wp\/v2\/types\/page"}],"author":[{"embeddable":true,"href":"https:\/\/saan.olympialegalgroup.com\/index.php\/wp-json\/wp\/v2\/users\/1"}],"replies":[{"embeddable":true,"href":"https:\/\/saan.olympialegalgroup.com\/index.php\/wp-json\/wp\/v2\/comments?post=72"}],"version-history":[{"count":31,"href":"https:\/\/saan.olympialegalgroup.com\/index.php\/wp-json\/wp\/v2\/pages\/72\/revisions"}],"predecessor-version":[{"id":374,"href":"https:\/\/saan.olympialegalgroup.com\/index.php\/wp-json\/wp\/v2\/pages\/72\/revisions\/374"}],"wp:attachment":[{"href":"https:\/\/saan.olympialegalgroup.com\/index.php\/wp-json\/wp\/v2\/media?parent=72"}],"curies":[{"name":"wp","href":"https:\/\/api.w.org\/{rel}","templated":true}]}}